{"id":4317,"date":"2022-09-03T11:01:18","date_gmt":"2022-09-03T11:01:18","guid":{"rendered":"https:\/\/www.bormuzik.com.tr\/?page_id=4317"},"modified":"2022-10-01T12:58:59","modified_gmt":"2022-10-01T12:58:59","slug":"kiralama-bolumu","status":"publish","type":"page","link":"https:\/\/www.bormuzik.com.tr\/index.php\/kiralama-bolumu\/","title":{"rendered":"Kiralama &#038; Organizasyon"},"content":{"rendered":"\n<figure class=\"wp-block-gallery has-nested-images columns-default is-cropped\">\n<figure class=\"wp-block-image size-large\"><img loading=\"lazy\" width=\"1920\" height=\"883\" data-id=\"4559\"  src=\"https:\/\/www.bormuzik.com.tr\/wp-content\/uploads\/2022\/09\/AAAAA-1920x883.png\" alt=\"\" class=\"wp-image-4559\"\/><\/figure>\n<\/figure>\n\n\n\n<figure class=\"wp-block-gallery has-nested-images columns-default is-cropped\">\n<figure class=\"wp-block-image size-large\"><img loading=\"lazy\" width=\"810\" height=\"1080\" data-id=\"4565\"  src=\"https:\/\/www.bormuzik.com.tr\/wp-content\/uploads\/2022\/09\/BBBBBB-2-810x1080.png\" alt=\"\" class=\"wp-image-4565\"\/><\/figure>\n\n\n\n<figure class=\"wp-block-image size-large\"><img loading=\"lazy\" width=\"562\" height=\"502\" data-id=\"4564\"  src=\"https:\/\/www.bormuzik.com.tr\/wp-content\/uploads\/2022\/09\/ccccc5-1.png\" alt=\"\" class=\"wp-image-4564\"\/><\/figure>\n<\/figure>\n\n\n\n<ul style=\"font-size:30px\"><li><strong>G\u00f6ky\u00fcz\u00fc Taray\u0131c\u0131s\u0131<\/strong><\/li><li><strong>Moving Head<\/strong><\/li><li><strong>Led Sistemler<\/strong><\/li><li><strong>Truss<\/strong><\/li><li><strong>Line Array<\/strong><\/li><li><strong>Aktif\/Pasif Kabin <\/strong><\/li><li><strong>Subbas<\/strong><\/li><li><strong>Podyum <\/strong><\/li><li><strong>Mikser<\/strong><\/li><li><strong>Mikrofon<\/strong><\/li><li><strong>Dj Setup<\/strong><\/li><li><strong>Sis Makinesi<\/strong><\/li><li><strong>Duman Makinesi<\/strong><\/li><li><strong>K\u00f6p\u00fck Makinesi<\/strong><\/li><li><strong>Profil\/PC\/FR Projekt\u00f6r<\/strong><\/li><li><strong>M\u00fczik Enstr\u00fcman\u0131 ve Ekipman\u0131<\/strong><\/li><li><strong>Synthesizer<\/strong><\/li><li><strong>Dijital \/ Akustik Duvar Piyanolar\u0131<\/strong><\/li><li><strong>Kuyruklu Piyanolar<\/strong><\/li><li><strong>D\u00fc\u011f\u00fcn ve Konser Ses I\u015f\u0131k G\u00f6r\u00fcnt\u00fc Sistemleri<\/strong><\/li><\/ul>\n","protected":false},"excerpt":{"rendered":"<p>G\u00f6ky\u00fcz\u00fc Taray\u0131c\u0131s\u0131 Moving Head Led Sistemler Truss Line Array Aktif\/Pasif Kabin Subbas Podyum Mikser Mikrofon Dj Setup Sis Makinesi Duman Makinesi K\u00f6p\u00fck Makinesi Profil\/PC\/FR Projekt\u00f6r M\u00fczik Enstr\u00fcman\u0131 ve Ekipman\u0131 Synthesizer Dijital \/ Akustik Duvar Piyanolar\u0131 Kuyruklu Piyanolar D\u00fc\u011f\u00fcn ve Konser Ses I\u015f\u0131k G\u00f6r\u00fcnt\u00fc Sistemleri<\/p>\n","protected":false},"author":1,"featured_media":0,"parent":0,"menu_order":0,"comment_status":"closed","ping_status":"closed","template":"","meta":[],"_links":{"self":[{"href":"https:\/\/www.bormuzik.com.tr\/index.php\/wp-json\/wp\/v2\/pages\/4317"}],"collection":[{"href":"https:\/\/www.bormuzik.com.tr\/index.php\/wp-json\/wp\/v2\/pages"}],"about":[{"href":"https:\/\/www.bormuzik.com.tr\/index.php\/wp-json\/wp\/v2\/types\/page"}],"author":[{"embeddable":true,"href":"https:\/\/www.bormuzik.com.tr\/index.php\/wp-json\/wp\/v2\/users\/1"}],"replies":[{"embeddable":true,"href":"https:\/\/www.bormuzik.com.tr\/index.php\/wp-json\/wp\/v2\/comments?post=4317"}],"version-history":[{"count":0,"href":"https:\/\/www.bormuzik.com.tr\/index.php\/wp-json\/wp\/v2\/pages\/4317\/revisions"}],"wp:attachment":[{"href":"https:\/\/www.bormuzik.com.tr\/index.php\/wp-json\/wp\/v2\/media?parent=4317"}],"curies":[{"name":"wp","href":"https:\/\/api.w.org\/{rel}","templated":true}]}}