{"id":4309,"date":"2022-08-22T13:26:32","date_gmt":"2022-08-22T13:26:32","guid":{"rendered":"https:\/\/www.bormuzik.com.tr\/?page_id=4309"},"modified":"2022-10-22T12:18:13","modified_gmt":"2022-10-22T12:18:13","slug":"akustik","status":"publish","type":"page","link":"https:\/\/www.bormuzik.com.tr\/index.php\/akustik\/","title":{"rendered":"Akustik"},"content":{"rendered":"\n<div class=\"wp-block-nextend-smartslider3\"><\/div>\n\n\n\n<h3 class=\"has-text-align-center\"><strong>I\u015f\u0131lay Sayg\u0131n Anadolu G\u00fczel Sanatlar Lisesi<\/strong><\/h3>\n\n\n\n<figure class=\"wp-block-gallery has-nested-images columns-default is-cropped\">\n<figure class=\"wp-block-image size-large\"><img loading=\"lazy\" width=\"768\" height=\"1024\" data-id=\"4680\"  src=\"https:\/\/www.bormuzik.com.tr\/wp-content\/uploads\/2022\/10\/i.png\" alt=\"\" class=\"wp-image-4680\"\/><\/figure>\n\n\n\n<figure class=\"wp-block-image size-large\"><img loading=\"lazy\" width=\"570\" height=\"855\" data-id=\"4678\"  src=\"https:\/\/www.bormuzik.com.tr\/wp-content\/uploads\/2022\/10\/Large-Wood-Wall-Sculpture-Abstract-Wood-Art-Reclaimed-Wood-Etsy-1.png\" alt=\"\" class=\"wp-image-4678\"\/><\/figure>\n\n\n\n<figure class=\"wp-block-image size-large\"><img loading=\"lazy\" width=\"768\" height=\"1024\" data-id=\"4679\"  src=\"https:\/\/www.bormuzik.com.tr\/wp-content\/uploads\/2022\/10\/WhatsApp-Image-2022-10-05-at-11.19.png\" alt=\"\" class=\"wp-image-4679\"\/><\/figure>\n<\/figure>\n\n\n\n<p><strong>Mimari Akustik Tasar\u0131m Dan\u0131\u015fmanl\u0131k:<\/strong> Akustik tasar\u0131m ve projelendirme hizmetimiz, i\u00e7 mimari projelendirmenin yan\u0131 s\u0131ra akustik konforun sa\u011flanmas\u0131na y\u00f6nelik detayl\u0131 tasar\u0131m \u00e7al\u0131\u015fmalar\u0131n\u0131 kapsamaktad\u0131r.<\/p>\n\n\n\n<p><strong>Elektroakustik tasar\u0131m- Ses Sistemi Tasar\u0131m\u0131:<\/strong> Ses destek sistemlerinin hesaba kat\u0131lmad\u0131\u011f\u0131 bir akustik tasar\u0131m\u0131n do\u011fru sonu\u00e7lar vermesi beklenmemelidir. Bu y\u00fczden hacimin kullan\u0131m ama\u00e7lar\u0131 do\u011frultusunda ihtiya\u00e7 duyulan ses seviyesine ula\u015fmak ve akustik olarak da bu sistemi desteklemek i\u00e7in bu sistemlerin birlikte tasarlanmas\u0131 uygundur.<\/p>\n\n\n\n<p><strong>Akustik Rapor:<\/strong> Akustik Rapor \u00c7evre ve \u015eehircilik Bakanl\u0131\u011f\u0131 taraf\u0131ndan haz\u0131rlanan \u201cBinalar\u0131n G\u00fcr\u00fclt\u00fcye Kar\u015f\u0131 Korunmas\u0131 Hakk\u0131nda Y\u00f6netmelik\u201d kapsam\u0131nda yap\u0131 ruhsat\u0131 a\u015famas\u0131nda istenen bir belgedir. Analiz sonucu elde edilen de\u011ferler ile y\u00f6netmeli\u011fe g\u00f6re binan\u0131n hangi akustik s\u0131n\u0131f de\u011ferlerini kar\u015f\u0131lad\u0131\u011f\u0131 belirlenir.<\/p>\n\n\n\n<p><strong>Akustik Proje:<\/strong> Binalarda ses yal\u0131t\u0131m\u0131na dair detay \u00e7\u00f6z\u00fcmleri i\u00e7erir. Daha b\u00fcy\u00fck \u00f6l\u00e7ekli projelerde gereklidir.<\/p>\n\n\n\n<p class=\"has-text-align-left\"><strong>Bina Akusti\u011fi:<\/strong> Toplu ya\u015fam alanlar\u0131nda, ya\u015fam kalitesini belirleyen unsurlar\u0131n ba\u015f\u0131nda akustik konfor gelir. Mekanik g\u00fcr\u00fclt\u00fclere kar\u015f\u0131 \u00f6nlemler zaman\u0131nda al\u0131nd\u0131\u011f\u0131 takdirde huzurlu ve ki\u015fisel ya\u015fam alanlar\u0131 korunmu\u015f olur.<br><br><br><strong>Akustik Mimari ve Tasar\u0131m Dan\u0131\u015fman\u0131 M\u00fch. Asl\u0131 KILIN\u00c7<br>\u0130leti\u015fim: 0533 773 04 48<\/strong><\/p>\n","protected":false},"excerpt":{"rendered":"<p>I\u015f\u0131lay Sayg\u0131n Anadolu G\u00fczel Sanatlar Lisesi Mimari Akustik Tasar\u0131m Dan\u0131\u015fmanl\u0131k: Akustik tasar\u0131m ve projelendirme hizmetimiz, i\u00e7 mimari projelendirmenin yan\u0131 s\u0131ra akustik konforun sa\u011flanmas\u0131na y\u00f6nelik detayl\u0131 tasar\u0131m \u00e7al\u0131\u015fmalar\u0131n\u0131 kapsamaktad\u0131r. Elektroakustik tasar\u0131m- Ses Sistemi Tasar\u0131m\u0131: Ses destek sistemlerinin hesaba kat\u0131lmad\u0131\u011f\u0131 bir akustik tasar\u0131m\u0131n do\u011fru sonu\u00e7lar vermesi beklenmemelidir. Bu y\u00fczden hacimin kullan\u0131m ama\u00e7lar\u0131 do\u011frultusunda ihtiya\u00e7 duyulan ses seviyesine [&hellip;]<\/p>\n","protected":false},"author":1,"featured_media":4310,"parent":0,"menu_order":0,"comment_status":"closed","ping_status":"closed","template":"","meta":[],"_links":{"self":[{"href":"https:\/\/www.bormuzik.com.tr\/index.php\/wp-json\/wp\/v2\/pages\/4309"}],"collection":[{"href":"https:\/\/www.bormuzik.com.tr\/index.php\/wp-json\/wp\/v2\/pages"}],"about":[{"href":"https:\/\/www.bormuzik.com.tr\/index.php\/wp-json\/wp\/v2\/types\/page"}],"author":[{"embeddable":true,"href":"https:\/\/www.bormuzik.com.tr\/index.php\/wp-json\/wp\/v2\/users\/1"}],"replies":[{"embeddable":true,"href":"https:\/\/www.bormuzik.com.tr\/index.php\/wp-json\/wp\/v2\/comments?post=4309"}],"version-history":[{"count":1,"href":"https:\/\/www.bormuzik.com.tr\/index.php\/wp-json\/wp\/v2\/pages\/4309\/revisions"}],"predecessor-version":[{"id":4867,"href":"https:\/\/www.bormuzik.com.tr\/index.php\/wp-json\/wp\/v2\/pages\/4309\/revisions\/4867"}],"wp:featuredmedia":[{"embeddable":true,"href":"https:\/\/www.bormuzik.com.tr\/index.php\/wp-json\/wp\/v2\/media\/4310"}],"wp:attachment":[{"href":"https:\/\/www.bormuzik.com.tr\/index.php\/wp-json\/wp\/v2\/media?parent=4309"}],"curies":[{"name":"wp","href":"https:\/\/api.w.org\/{rel}","templated":true}]}}